{"id":215,"date":"2021-08-26T20:48:20","date_gmt":"2021-08-26T20:48:20","guid":{"rendered":"http:\/\/eljardinero.com.mx\/?page_id=215"},"modified":"2021-10-13T19:04:30","modified_gmt":"2021-10-13T19:04:30","slug":"nosotros","status":"publish","type":"page","link":"http:\/\/eljardinero.com.mx\/en\/nosotros\/","title":{"rendered":"About us"},"content":{"rendered":"<div data-elementor-type=\"wp-page\" data-elementor-id=\"215\" class=\"elementor elementor-215\">\n\t\t\t\t\t\t<section class=\"elementor-section elementor-top-section elementor-element elementor-element-3e09986 elementor-section-full_width elementor-section-stretched elementor-section-height-min-height elementor-section-height-default elementor-section-items-middle\" data-id=\"3e09986\" data-element_type=\"section\" data-settings=\"{&quot;stretch_section&quot;:&quot;section-stretched&quot;,&quot;background_background&quot;:&quot;classic&quot;}\">\n\t\t\t\t\t\t\t<div class=\"elementor-background-overlay\"><\/div>\n\t\t\t\t\t\t\t<div class=\"elementor-container elementor-column-gap-default\">\n\t\t\t\t\t<div class=\"elementor-column elementor-col-33 elementor-top-column elementor-element elementor-element-3794ed4\" data-id=\"3794ed4\" data-element_type=\"column\">\n\t\t\t<div class=\"elementor-widget-wrap\">\n\t\t\t\t\t\t\t<\/div>\n\t\t<\/div>\n\t\t\t\t<div class=\"elementor-column elementor-col-33 elementor-top-column elementor-element elementor-element-5305d5a\" data-id=\"5305d5a\" data-element_type=\"column\">\n\t\t\t<div class=\"elementor-widget-wrap elementor-element-populated\">\n\t\t\t\t\t\t<div class=\"elementor-element elementor-element-4fe9743 elementor-widget elementor-widget-heading\" data-id=\"4fe9743\" data-element_type=\"widget\" data-widget_type=\"heading.default\">\n\t\t\t\t<div class=\"elementor-widget-container\">\n\t\t\t\t\t<h1 class=\"elementor-heading-title elementor-size-default\">About us<\/h1>\t\t\t\t<\/div>\n\t\t\t\t<\/div>\n\t\t\t\t<div class=\"elementor-element elementor-element-cbc0178 elementor-widget elementor-widget-text-editor\" data-id=\"cbc0178\" data-element_type=\"widget\" data-widget_type=\"text-editor.default\">\n\t\t\t\t<div class=\"elementor-widget-container\">\n\t\t\t\t\t\t\t\t\t<h4>Our company designs, installs and maintains residential, commercial, urban and sports landscape, specializing in green roofs, vertical gardens and automated irrigation systems.<\/h4>\t\t\t\t\t\t\t\t<\/div>\n\t\t\t\t<\/div>\n\t\t\t\t\t<\/div>\n\t\t<\/div>\n\t\t\t\t<div class=\"elementor-column elementor-col-33 elementor-top-column elementor-element elementor-element-02cbb27\" data-id=\"02cbb27\" data-element_type=\"column\">\n\t\t\t<div class=\"elementor-widget-wrap\">\n\t\t\t\t\t\t\t<\/div>\n\t\t<\/div>\n\t\t\t\t\t<\/div>\n\t\t<\/section>\n\t\t\t\t<section class=\"elementor-section elementor-top-section elementor-element elementor-element-632f762 elementor-section-full_width elementor-section-content-middle elementor-section-stretched elementor-section-height-default elementor-section-height-default\" data-id=\"632f762\" data-element_type=\"section\" data-settings=\"{&quot;stretch_section&quot;:&quot;section-stretched&quot;}\">\n\t\t\t\t\t\t<div class=\"elementor-container elementor-column-gap-default\">\n\t\t\t\t\t<div class=\"elementor-column elementor-col-50 elementor-top-column elementor-element elementor-element-9e70730\" data-id=\"9e70730\" data-element_type=\"column\">\n\t\t\t<div class=\"elementor-widget-wrap elementor-element-populated\">\n\t\t\t\t\t\t<div class=\"elementor-element elementor-element-b0ab465 elementor-hidden-mobile elementor-widget elementor-widget-image\" data-id=\"b0ab465\" data-element_type=\"widget\" data-widget_type=\"image.default\">\n\t\t\t\t<div class=\"elementor-widget-container\">\n\t\t\t\t\t\t\t\t\t\t\t\t\t\t\t<img fetchpriority=\"high\" decoding=\"async\" width=\"960\" height=\"636\" src=\"http:\/\/eljardinero.com.mx\/wp-content\/uploads\/2021\/08\/img-nosotros.jpg\" class=\"attachment-full size-full wp-image-220\" alt=\"\" srcset=\"http:\/\/eljardinero.com.mx\/wp-content\/uploads\/2021\/08\/img-nosotros.jpg 960w, http:\/\/eljardinero.com.mx\/wp-content\/uploads\/2021\/08\/img-nosotros-300x199.jpg 300w, http:\/\/eljardinero.com.mx\/wp-content\/uploads\/2021\/08\/img-nosotros-768x509.jpg 768w\" sizes=\"(max-width: 960px) 100vw, 960px\" \/>\t\t\t\t\t\t\t\t\t\t\t\t\t\t\t<\/div>\n\t\t\t\t<\/div>\n\t\t\t\t\t<\/div>\n\t\t<\/div>\n\t\t\t\t<div class=\"elementor-column elementor-col-50 elementor-top-column elementor-element elementor-element-9849e4d\" data-id=\"9849e4d\" data-element_type=\"column\">\n\t\t\t<div class=\"elementor-widget-wrap elementor-element-populated\">\n\t\t\t\t\t\t<div class=\"elementor-element elementor-element-d7307ea elementor-widget elementor-widget-text-editor\" data-id=\"d7307ea\" data-element_type=\"widget\" data-widget_type=\"text-editor.default\">\n\t\t\t\t<div class=\"elementor-widget-container\">\n\t\t\t\t\t\t\t\t\t<p>Our specialization and high quality standards allow us to work in the most important landscape projects in the country.<\/p>\t\t\t\t\t\t\t\t<\/div>\n\t\t\t\t<\/div>\n\t\t\t\t\t<\/div>\n\t\t<\/div>\n\t\t\t\t\t<\/div>\n\t\t<\/section>\n\t\t\t\t<section class=\"elementor-section elementor-top-section elementor-element elementor-element-600489e elementor-section-full_width elementor-section-stretched elementor-section-height-default elementor-section-height-default\" data-id=\"600489e\" data-element_type=\"section\" data-settings=\"{&quot;stretch_section&quot;:&quot;section-stretched&quot;,&quot;background_background&quot;:&quot;classic&quot;}\">\n\t\t\t\t\t\t<div class=\"elementor-container elementor-column-gap-default\">\n\t\t\t\t\t<div class=\"elementor-column elementor-col-100 elementor-top-column elementor-element elementor-element-a231332\" data-id=\"a231332\" data-element_type=\"column\">\n\t\t\t<div class=\"elementor-widget-wrap elementor-element-populated\">\n\t\t\t\t\t\t<div class=\"elementor-element elementor-element-300ab83 elementor-widget elementor-widget-heading\" data-id=\"300ab83\" data-element_type=\"widget\" data-widget_type=\"heading.default\">\n\t\t\t\t<div class=\"elementor-widget-container\">\n\t\t\t\t\t<h2 class=\"elementor-heading-title elementor-size-default\">OUR CLIENTS<\/h2>\t\t\t\t<\/div>\n\t\t\t\t<\/div>\n\t\t\t\t\t<\/div>\n\t\t<\/div>\n\t\t\t\t\t<\/div>\n\t\t<\/section>\n\t\t\t\t<section class=\"elementor-section elementor-top-section elementor-element elementor-element-c172d93 elementor-section-full_width elementor-section-stretched elementor-section-height-default elementor-section-height-default\" data-id=\"c172d93\" data-element_type=\"section\" data-settings=\"{&quot;stretch_section&quot;:&quot;section-stretched&quot;}\">\n\t\t\t\t\t\t<div class=\"elementor-container elementor-column-gap-default\">\n\t\t\t\t\t<div class=\"elementor-column elementor-col-100 elementor-top-column elementor-element elementor-element-7fc0944\" data-id=\"7fc0944\" data-element_type=\"column\">\n\t\t\t<div class=\"elementor-widget-wrap elementor-element-populated\">\n\t\t\t\t\t\t<section class=\"elementor-section elementor-inner-section elementor-element elementor-element-545feb9 elementor-section-full_width elementor-section-height-default elementor-section-height-default\" data-id=\"545feb9\" data-element_type=\"section\">\n\t\t\t\t\t\t<div class=\"elementor-container elementor-column-gap-default\">\n\t\t\t\t\t<div class=\"elementor-column elementor-col-100 elementor-inner-column elementor-element elementor-element-bd3e16b\" data-id=\"bd3e16b\" data-element_type=\"column\" data-settings=\"{&quot;background_background&quot;:&quot;classic&quot;}\">\n\t\t\t<div class=\"elementor-widget-wrap elementor-element-populated\">\n\t\t\t\t\t\t<div class=\"elementor-element elementor-element-c1639fb elementor-widget elementor-widget-heading\" data-id=\"c1639fb\" data-element_type=\"widget\" data-widget_type=\"heading.default\">\n\t\t\t\t<div class=\"elementor-widget-container\">\n\t\t\t\t\t<h3 class=\"elementor-heading-title elementor-size-default\">ANDAMAR<\/h3>\t\t\t\t<\/div>\n\t\t\t\t<\/div>\n\t\t\t\t\t<\/div>\n\t\t<\/div>\n\t\t\t\t\t<\/div>\n\t\t<\/section>\n\t\t\t\t\t<\/div>\n\t\t<\/div>\n\t\t\t\t\t<\/div>\n\t\t<\/section>\n\t\t\t\t<section class=\"elementor-section elementor-top-section elementor-element elementor-element-4658962 elementor-section-full_width elementor-section-stretched elementor-section-height-default elementor-section-height-default\" data-id=\"4658962\" data-element_type=\"section\" data-settings=\"{&quot;stretch_section&quot;:&quot;section-stretched&quot;}\">\n\t\t\t\t\t\t<div class=\"elementor-container elementor-column-gap-default\">\n\t\t\t\t\t<div class=\"elementor-column elementor-col-100 elementor-top-column elementor-element elementor-element-2ab41fb\" data-id=\"2ab41fb\" data-element_type=\"column\">\n\t\t\t<div class=\"elementor-widget-wrap elementor-element-populated\">\n\t\t\t\t\t\t<div class=\"elementor-element elementor-element-93af99b elementor-hidden-mobile elementor-widget elementor-widget-image\" data-id=\"93af99b\" data-element_type=\"widget\" data-widget_type=\"image.default\">\n\t\t\t\t<div class=\"elementor-widget-container\">\n\t\t\t\t\t\t\t\t\t\t\t\t\t\t\t<img decoding=\"async\" width=\"1024\" height=\"204\" src=\"http:\/\/eljardinero.com.mx\/wp-content\/uploads\/2021\/08\/clientes-01-1024x204.jpg\" class=\"attachment-large size-large wp-image-221\" alt=\"\" srcset=\"http:\/\/eljardinero.com.mx\/wp-content\/uploads\/2021\/08\/clientes-01-1024x204.jpg 1024w, http:\/\/eljardinero.com.mx\/wp-content\/uploads\/2021\/08\/clientes-01-300x60.jpg 300w, http:\/\/eljardinero.com.mx\/wp-content\/uploads\/2021\/08\/clientes-01-768x153.jpg 768w, http:\/\/eljardinero.com.mx\/wp-content\/uploads\/2021\/08\/clientes-01-1536x305.jpg 1536w, http:\/\/eljardinero.com.mx\/wp-content\/uploads\/2021\/08\/clientes-01-2048x407.jpg 2048w\" sizes=\"(max-width: 1024px) 100vw, 1024px\" \/>\t\t\t\t\t\t\t\t\t\t\t\t\t\t\t<\/div>\n\t\t\t\t<\/div>\n\t\t\t\t<div class=\"elementor-element elementor-element-1505e42 elementor-hidden-desktop elementor-hidden-tablet elementor-widget elementor-widget-image\" data-id=\"1505e42\" data-element_type=\"widget\" data-widget_type=\"image.default\">\n\t\t\t\t<div class=\"elementor-widget-container\">\n\t\t\t\t\t\t\t\t\t\t\t\t\t\t\t<img decoding=\"async\" width=\"379\" height=\"486\" src=\"http:\/\/eljardinero.com.mx\/wp-content\/uploads\/2021\/08\/clientes-mobil.jpg\" class=\"attachment-large size-large wp-image-823\" alt=\"\" srcset=\"http:\/\/eljardinero.com.mx\/wp-content\/uploads\/2021\/08\/clientes-mobil.jpg 379w, http:\/\/eljardinero.com.mx\/wp-content\/uploads\/2021\/08\/clientes-mobil-234x300.jpg 234w, http:\/\/eljardinero.com.mx\/wp-content\/uploads\/2021\/08\/clientes-mobil-9x12.jpg 9w\" sizes=\"(max-width: 379px) 100vw, 379px\" \/>\t\t\t\t\t\t\t\t\t\t\t\t\t\t\t<\/div>\n\t\t\t\t<\/div>\n\t\t\t\t\t<\/div>\n\t\t<\/div>\n\t\t\t\t\t<\/div>\n\t\t<\/section>\n\t\t\t\t<section class=\"elementor-section elementor-top-section elementor-element elementor-element-c780c89 elementor-section-full_width elementor-section-stretched elementor-section-height-default elementor-section-height-default\" data-id=\"c780c89\" data-element_type=\"section\" data-settings=\"{&quot;stretch_section&quot;:&quot;section-stretched&quot;}\">\n\t\t\t\t\t\t<div class=\"elementor-container elementor-column-gap-default\">\n\t\t\t\t\t<div class=\"elementor-column elementor-col-33 elementor-top-column elementor-element elementor-element-ab5c200\" data-id=\"ab5c200\" data-element_type=\"column\">\n\t\t\t<div class=\"elementor-widget-wrap elementor-element-populated\">\n\t\t\t\t\t\t<div class=\"elementor-element elementor-element-34fc372 elementor-widget elementor-widget-image\" data-id=\"34fc372\" data-element_type=\"widget\" data-widget_type=\"image.default\">\n\t\t\t\t<div class=\"elementor-widget-container\">\n\t\t\t\t\t\t\t\t\t\t\t\t\t\t\t<img loading=\"lazy\" decoding=\"async\" width=\"640\" height=\"534\" src=\"http:\/\/eljardinero.com.mx\/wp-content\/uploads\/2021\/08\/nosotros-Grupo-203.jpg\" class=\"attachment-full size-full wp-image-224\" alt=\"\" srcset=\"http:\/\/eljardinero.com.mx\/wp-content\/uploads\/2021\/08\/nosotros-Grupo-203.jpg 640w, http:\/\/eljardinero.com.mx\/wp-content\/uploads\/2021\/08\/nosotros-Grupo-203-300x250.jpg 300w\" sizes=\"(max-width: 640px) 100vw, 640px\" \/>\t\t\t\t\t\t\t\t\t\t\t\t\t\t\t<\/div>\n\t\t\t\t<\/div>\n\t\t\t\t\t<\/div>\n\t\t<\/div>\n\t\t\t\t<div class=\"elementor-column elementor-col-33 elementor-top-column elementor-element elementor-element-d0b324d\" data-id=\"d0b324d\" data-element_type=\"column\">\n\t\t\t<div class=\"elementor-widget-wrap elementor-element-populated\">\n\t\t\t\t\t\t<div class=\"elementor-element elementor-element-068c19a elementor-widget elementor-widget-image\" data-id=\"068c19a\" data-element_type=\"widget\" data-widget_type=\"image.default\">\n\t\t\t\t<div class=\"elementor-widget-container\">\n\t\t\t\t\t\t\t\t\t\t\t\t\t\t\t<img loading=\"lazy\" decoding=\"async\" width=\"640\" height=\"534\" src=\"http:\/\/eljardinero.com.mx\/wp-content\/uploads\/2021\/08\/nosotros-Grupo-200.jpg\" class=\"attachment-large size-large wp-image-223\" alt=\"\" srcset=\"http:\/\/eljardinero.com.mx\/wp-content\/uploads\/2021\/08\/nosotros-Grupo-200.jpg 640w, http:\/\/eljardinero.com.mx\/wp-content\/uploads\/2021\/08\/nosotros-Grupo-200-300x250.jpg 300w\" sizes=\"(max-width: 640px) 100vw, 640px\" \/>\t\t\t\t\t\t\t\t\t\t\t\t\t\t\t<\/div>\n\t\t\t\t<\/div>\n\t\t\t\t\t<\/div>\n\t\t<\/div>\n\t\t\t\t<div class=\"elementor-column elementor-col-33 elementor-top-column elementor-element elementor-element-213447a\" data-id=\"213447a\" data-element_type=\"column\">\n\t\t\t<div class=\"elementor-widget-wrap elementor-element-populated\">\n\t\t\t\t\t\t<div class=\"elementor-element elementor-element-ab1d44e elementor-widget elementor-widget-image\" data-id=\"ab1d44e\" data-element_type=\"widget\" data-widget_type=\"image.default\">\n\t\t\t\t<div class=\"elementor-widget-container\">\n\t\t\t\t\t\t\t\t\t\t\t\t\t\t\t<img loading=\"lazy\" decoding=\"async\" width=\"640\" height=\"534\" src=\"http:\/\/eljardinero.com.mx\/wp-content\/uploads\/2021\/08\/nosotros-Grupo-1.jpg\" class=\"attachment-large size-large wp-image-222\" alt=\"\" srcset=\"http:\/\/eljardinero.com.mx\/wp-content\/uploads\/2021\/08\/nosotros-Grupo-1.jpg 640w, http:\/\/eljardinero.com.mx\/wp-content\/uploads\/2021\/08\/nosotros-Grupo-1-300x250.jpg 300w\" sizes=\"(max-width: 640px) 100vw, 640px\" \/>\t\t\t\t\t\t\t\t\t\t\t\t\t\t\t<\/div>\n\t\t\t\t<\/div>\n\t\t\t\t\t<\/div>\n\t\t<\/div>\n\t\t\t\t\t<\/div>\n\t\t<\/section>\n\t\t\t\t<\/div>","protected":false},"excerpt":{"rendered":"<p>Nosotros Somos una empresa dedicada al dise\u00f1o, instalaci\u00f3n y mantenimiento de \u00e1reas verdes residenciales, comerciales, deportivas y urbanas, especialistas en azoteas verdes, jardines verticales y sistemas de riego automatizados. Nuestra especializaci\u00f3n y elevados est\u00e1ndares de calidad nos permiten ser considerados en los proyectos verdes m\u00e1s importantes en el pa\u00eds. NUESROS CLIENTES ANDAMAR<\/p>","protected":false},"author":2,"featured_media":0,"parent":0,"menu_order":0,"comment_status":"closed","ping_status":"closed","template":"","meta":{"_acf_changed":false,"footnotes":""},"categories":[],"tags":[],"class_list":["post-215","page","type-page","status-publish","hentry"],"acf":[],"_links":{"self":[{"href":"http:\/\/eljardinero.com.mx\/en\/wp-json\/wp\/v2\/pages\/215"}],"collection":[{"href":"http:\/\/eljardinero.com.mx\/en\/wp-json\/wp\/v2\/pages"}],"about":[{"href":"http:\/\/eljardinero.com.mx\/en\/wp-json\/wp\/v2\/types\/page"}],"author":[{"embeddable":true,"href":"http:\/\/eljardinero.com.mx\/en\/wp-json\/wp\/v2\/users\/2"}],"replies":[{"embeddable":true,"href":"http:\/\/eljardinero.com.mx\/en\/wp-json\/wp\/v2\/comments?post=215"}],"version-history":[{"count":31,"href":"http:\/\/eljardinero.com.mx\/en\/wp-json\/wp\/v2\/pages\/215\/revisions"}],"predecessor-version":[{"id":1009,"href":"http:\/\/eljardinero.com.mx\/en\/wp-json\/wp\/v2\/pages\/215\/revisions\/1009"}],"wp:attachment":[{"href":"http:\/\/eljardinero.com.mx\/en\/wp-json\/wp\/v2\/media?parent=215"}],"wp:term":[{"taxonomy":"category","embeddable":true,"href":"http:\/\/eljardinero.com.mx\/en\/wp-json\/wp\/v2\/categories?post=215"},{"taxonomy":"post_tag","embeddable":true,"href":"http:\/\/eljardinero.com.mx\/en\/wp-json\/wp\/v2\/tags?post=215"}],"curies":[{"name":"wp","href":"https:\/\/api.w.org\/{rel}","templated":true}]}}