{"id":275,"date":"2021-08-26T21:10:59","date_gmt":"2021-08-26T21:10:59","guid":{"rendered":"http:\/\/eljardinero.com.mx\/?page_id=275"},"modified":"2021-10-05T22:47:34","modified_gmt":"2021-10-05T22:47:34","slug":"proyectos","status":"publish","type":"page","link":"http:\/\/eljardinero.com.mx\/en\/proyectos\/","title":{"rendered":"Projects"},"content":{"rendered":"<div data-elementor-type=\"wp-page\" data-elementor-id=\"275\" class=\"elementor elementor-275\">\n\t\t\t\t\t\t<section class=\"elementor-section elementor-top-section elementor-element elementor-element-61a5540 elementor-section-full_width elementor-section-stretched elementor-section-height-min-height elementor-section-height-default elementor-section-items-middle\" data-id=\"61a5540\" data-element_type=\"section\" data-settings=\"{&quot;stretch_section&quot;:&quot;section-stretched&quot;,&quot;background_background&quot;:&quot;classic&quot;}\">\n\t\t\t\t\t\t\t<div class=\"elementor-background-overlay\"><\/div>\n\t\t\t\t\t\t\t<div class=\"elementor-container elementor-column-gap-default\">\n\t\t\t\t\t<div class=\"elementor-column elementor-col-33 elementor-top-column elementor-element elementor-element-1af9126\" data-id=\"1af9126\" data-element_type=\"column\">\n\t\t\t<div class=\"elementor-widget-wrap\">\n\t\t\t\t\t\t\t<\/div>\n\t\t<\/div>\n\t\t\t\t<div class=\"elementor-column elementor-col-33 elementor-top-column elementor-element elementor-element-6ba7480\" data-id=\"6ba7480\" data-element_type=\"column\">\n\t\t\t<div class=\"elementor-widget-wrap elementor-element-populated\">\n\t\t\t\t\t\t<div class=\"elementor-element elementor-element-fe27485 elementor-widget elementor-widget-heading\" data-id=\"fe27485\" data-element_type=\"widget\" data-widget_type=\"heading.default\">\n\t\t\t\t<div class=\"elementor-widget-container\">\n\t\t\t\t\t<h1 class=\"elementor-heading-title elementor-size-default\">Projects<\/h1>\t\t\t\t<\/div>\n\t\t\t\t<\/div>\n\t\t\t\t<div class=\"elementor-element elementor-element-96d9ef1 elementor-widget elementor-widget-text-editor\" data-id=\"96d9ef1\" data-element_type=\"widget\" data-widget_type=\"text-editor.default\">\n\t\t\t\t<div class=\"elementor-widget-container\">\n\t\t\t\t\t\t\t\t\t<h4>With projects all around Mexico, our work speaks for itself.<\/h4>\t\t\t\t\t\t\t\t<\/div>\n\t\t\t\t<\/div>\n\t\t\t\t\t<\/div>\n\t\t<\/div>\n\t\t\t\t<div class=\"elementor-column elementor-col-33 elementor-top-column elementor-element elementor-element-b1975fc\" data-id=\"b1975fc\" data-element_type=\"column\">\n\t\t\t<div class=\"elementor-widget-wrap\">\n\t\t\t\t\t\t\t<\/div>\n\t\t<\/div>\n\t\t\t\t\t<\/div>\n\t\t<\/section>\n\t\t\t\t<section class=\"elementor-section elementor-top-section elementor-element elementor-element-094d106 elementor-section-full_width elementor-section-stretched elementor-section-height-default elementor-section-height-default\" data-id=\"094d106\" data-element_type=\"section\" data-settings=\"{&quot;stretch_section&quot;:&quot;section-stretched&quot;}\">\n\t\t\t\t\t\t<div class=\"elementor-container elementor-column-gap-default\">\n\t\t\t\t\t<div class=\"elementor-column elementor-col-100 elementor-top-column elementor-element elementor-element-a65b447\" data-id=\"a65b447\" data-element_type=\"column\">\n\t\t\t<div class=\"elementor-widget-wrap elementor-element-populated\">\n\t\t\t\t\t\t<div class=\"elementor-element elementor-element-1af2294 eael-fg-hoverer-content-align-center elementor-widget elementor-widget-eael-filterable-gallery\" data-id=\"1af2294\" data-element_type=\"widget\" data-settings=\"{&quot;photo_gallery&quot;:&quot;yes&quot;,&quot;pagination&quot;:&quot;false&quot;}\" data-widget_type=\"eael-filterable-gallery.default\">\n\t\t\t\t<div class=\"elementor-widget-container\">\n\t\t\t\t\t<style id=\"eael-fg-inline-css-1af2294\">@media only screen and (max-width: 2399px) {\n\t\t\t\t\t.elementor-element.elementor-element-1af2294 .eael-filterable-gallery-item-wrap {\n\t\t\t\t\t        width: 33.333333333333%;\n\t\t\t\t\t    }\n\t\t\t\t\t}@media only screen and (max-width: 1024px) {\n\t\t\t\t\t.elementor-element.elementor-element-1af2294  .eael-filterable-gallery-item-wrap {\n\t\t\t\t\t        width: 50%;\n\t\t\t\t\t    }\n\t\t\t\t\t}@media only screen and (max-width: 767px) {\n\t\t\t\t\t.elementor-element.elementor-element-1af2294  .eael-filterable-gallery-item-wrap {\n\t\t\t\t\t        width: 100%;\n\t\t\t\t\t    }\n\t\t\t\t\t}<\/style>        <div id=\"eael-filter-gallery-wrapper-1af2294\" class=\"eael-filter-gallery-wrapper\" data-layout-mode=\"hoverer\" data-breakpoints=\"{&quot;mobile&quot;:{&quot;label&quot;:&quot;Mobile Portrait&quot;,&quot;value&quot;:767,&quot;default_value&quot;:767,&quot;direction&quot;:&quot;max&quot;,&quot;is_enabled&quot;:true},&quot;mobile_extra&quot;:{&quot;label&quot;:&quot;Mobile Landscape&quot;,&quot;value&quot;:880,&quot;default_value&quot;:880,&quot;direction&quot;:&quot;max&quot;,&quot;is_enabled&quot;:false},&quot;tablet&quot;:{&quot;label&quot;:&quot;Tablet Portrait&quot;,&quot;value&quot;:1024,&quot;default_value&quot;:1024,&quot;direction&quot;:&quot;max&quot;,&quot;is_enabled&quot;:true},&quot;tablet_extra&quot;:{&quot;label&quot;:&quot;Tablet Landscape&quot;,&quot;value&quot;:1200,&quot;default_value&quot;:1200,&quot;direction&quot;:&quot;max&quot;,&quot;is_enabled&quot;:false},&quot;laptop&quot;:{&quot;label&quot;:&quot;Laptop&quot;,&quot;value&quot;:1366,&quot;default_value&quot;:1366,&quot;direction&quot;:&quot;max&quot;,&quot;is_enabled&quot;:false},&quot;widescreen&quot;:{&quot;label&quot;:&quot;Widescreen&quot;,&quot;value&quot;:2400,&quot;default_value&quot;:2400,&quot;direction&quot;:&quot;min&quot;,&quot;is_enabled&quot;:false}}\" data-default_control_key=\"0\" data-custom_default_control=\"1\">\n            \n            \n            <div class=\"eael-filter-gallery-container eael-filter-gallery-grid\" data-images-per-page=\"\" data-total-gallery-items=\"10\" data-nomore-item-text=\"\" data-is-randomize=\"no\" data-settings=\"{&quot;grid_style&quot;:&quot;grid&quot;,&quot;popup&quot;:&quot;buttons&quot;,&quot;duration&quot;:500,&quot;gallery_enabled&quot;:&quot;yes&quot;,&quot;video_gallery_yt_privacy&quot;:&quot;&quot;,&quot;control_all_text&quot;:null,&quot;post_id&quot;:275,&quot;widget_id&quot;:&quot;1af2294&quot;}\" data-search-all=\"\" data-gallery-items=\"WyI8ZGl2IGNsYXNzPVwiZWFlbC1maWx0ZXJhYmxlLWdhbGxlcnktaXRlbS13cmFwXCI+XG5cdFx0XHRcdDxkaXYgY2xhc3M9XCJlYWVsLWdhbGxlcnktZ3JpZC1pdGVtXCI+PGEgaHJlZj1cImh0dHA6XC9cL2VsamFyZGluZXJvLmNvbS5teFwvcHJveWVjdG9zXC9hbmRhbWFyXC9cIj48ZGl2IGNsYXNzPVwiZ2FsbGVyeS1pdGVtLXRodW1ibmFpbC13cmFwXCI+PGltZyBzcmM9XCJodHRwOlwvXC9lbGphcmRpbmVyby5jb20ubXhcL3dwLWNvbnRlbnRcL3VwbG9hZHNcLzIwMjFcLzA4XC9hbmRhbWFyMS5qcGdcIiBkYXRhLWxhenktc3JjPVwiaHR0cDpcL1wvZWxqYXJkaW5lcm8uY29tLm14XC93cC1jb250ZW50XC91cGxvYWRzXC8yMDIxXC8wOFwvYW5kYW1hcjEuanBnXCIgYWx0PVwiQW5kYW1hclwiIGNsYXNzPVwiZ2FsbGVyeS1pdGVtLXRodW1ibmFpbFwiPjxcL2Rpdj48ZGl2IGNsYXNzPVwiZ2FsbGVyeS1pdGVtLWNhcHRpb24td3JhcCBjYXB0aW9uLXN0eWxlLWhvdmVyZXIgZWFlbC1mYWRlLWluXCI+PGRpdiBjbGFzcz1cImdhbGxlcnktaXRlbS1ob3ZlcmVyLWJnXCI+PFwvZGl2PjxkaXYgY2xhc3M9XCJnYWxsZXJ5LWl0ZW0tY2FwdGlvbi1vdmVyXCI+PGgyIGNsYXNzPVwiZmctaXRlbS10aXRsZVwiPkFuZGFtYXI8XC9oMj48ZGl2IGNsYXNzPVwiZmctaXRlbS1jb250ZW50XCI+PHA+Qm9jYSBkZWwgcmlvPFwvcD5cbjxcL2Rpdj48XC9kaXY+PFwvZGl2PjxcL2E+PFwvZGl2PjxcL2Rpdj4iLCI8ZGl2IGNsYXNzPVwiZWFlbC1maWx0ZXJhYmxlLWdhbGxlcnktaXRlbS13cmFwXCI+XG5cdFx0XHRcdDxkaXYgY2xhc3M9XCJlYWVsLWdhbGxlcnktZ3JpZC1pdGVtXCI+PGEgaHJlZj1cImh0dHA6XC9cL2VsamFyZGluZXJvLmNvbS5teFwvcHJveWVjdG9zXC9jb3Jwb3JhdGl2by1hbnRhcmEtcG9sYW5jb1wvXCI+PGRpdiBjbGFzcz1cImdhbGxlcnktaXRlbS10aHVtYm5haWwtd3JhcFwiPjxpbWcgc3JjPVwiaHR0cDpcL1wvZWxqYXJkaW5lcm8uY29tLm14XC93cC1jb250ZW50XC91cGxvYWRzXC8yMDIxXC8wOFwvYW50YXJhMS5qcGdcIiBkYXRhLWxhenktc3JjPVwiaHR0cDpcL1wvZWxqYXJkaW5lcm8uY29tLm14XC93cC1jb250ZW50XC91cGxvYWRzXC8yMDIxXC8wOFwvYW50YXJhMS5qcGdcIiBhbHQ9XCJDb3Jwb3JhdGl2byBBbnRhcmEgUG9sYW5jb1wiIGNsYXNzPVwiZ2FsbGVyeS1pdGVtLXRodW1ibmFpbFwiPjxcL2Rpdj48ZGl2IGNsYXNzPVwiZ2FsbGVyeS1pdGVtLWNhcHRpb24td3JhcCBjYXB0aW9uLXN0eWxlLWhvdmVyZXIgZWFlbC1mYWRlLWluXCI+PGRpdiBjbGFzcz1cImdhbGxlcnktaXRlbS1ob3ZlcmVyLWJnXCI+PFwvZGl2PjxkaXYgY2xhc3M9XCJnYWxsZXJ5LWl0ZW0tY2FwdGlvbi1vdmVyXCI+PGgyIGNsYXNzPVwiZmctaXRlbS10aXRsZVwiPkNvcnBvcmF0aXZvIEFudGFyYSBQb2xhbmNvPFwvaDI+PGRpdiBjbGFzcz1cImZnLWl0ZW0tY29udGVudFwiPjxwPkNETVg8XC9wPlxuPFwvZGl2PjxcL2Rpdj48XC9kaXY+PFwvYT48XC9kaXY+PFwvZGl2PiIsIjxkaXYgY2xhc3M9XCJlYWVsLWZpbHRlcmFibGUtZ2FsbGVyeS1pdGVtLXdyYXBcIj5cblx0XHRcdFx0PGRpdiBjbGFzcz1cImVhZWwtZ2FsbGVyeS1ncmlkLWl0ZW1cIj48YSBocmVmPVwiaHR0cDpcL1wvZWxqYXJkaW5lcm8uY29tLm14XC9wcm95ZWN0b3NcL2FydHotcGVkcmVnYWxcL1wiPjxkaXYgY2xhc3M9XCJnYWxsZXJ5LWl0ZW0tdGh1bWJuYWlsLXdyYXBcIj48aW1nIHNyYz1cImh0dHA6XC9cL2VsamFyZGluZXJvLmNvbS5teFwvd3AtY29udGVudFwvdXBsb2Fkc1wvMjAyMVwvMDhcL2FydHoxLTEuanBnXCIgZGF0YS1sYXp5LXNyYz1cImh0dHA6XC9cL2VsamFyZGluZXJvLmNvbS5teFwvd3AtY29udGVudFwvdXBsb2Fkc1wvMjAyMVwvMDhcL2FydHoxLTEuanBnXCIgYWx0PVwiQVJUWiBQZWRyZWdhbFwiIGNsYXNzPVwiZ2FsbGVyeS1pdGVtLXRodW1ibmFpbFwiPjxcL2Rpdj48ZGl2IGNsYXNzPVwiZ2FsbGVyeS1pdGVtLWNhcHRpb24td3JhcCBjYXB0aW9uLXN0eWxlLWhvdmVyZXIgZWFlbC1mYWRlLWluXCI+PGRpdiBjbGFzcz1cImdhbGxlcnktaXRlbS1ob3ZlcmVyLWJnXCI+PFwvZGl2PjxkaXYgY2xhc3M9XCJnYWxsZXJ5LWl0ZW0tY2FwdGlvbi1vdmVyXCI+PGgyIGNsYXNzPVwiZmctaXRlbS10aXRsZVwiPkFSVFogUGVkcmVnYWw8XC9oMj48ZGl2IGNsYXNzPVwiZmctaXRlbS1jb250ZW50XCI+PHA+Q0RNWDxcL3A+XG48XC9kaXY+PFwvZGl2PjxcL2Rpdj48XC9hPjxcL2Rpdj48XC9kaXY+IiwiPGRpdiBjbGFzcz1cImVhZWwtZmlsdGVyYWJsZS1nYWxsZXJ5LWl0ZW0td3JhcFwiPlxuXHRcdFx0XHQ8ZGl2IGNsYXNzPVwiZWFlbC1nYWxsZXJ5LWdyaWQtaXRlbVwiPjxhIGhyZWY9XCJodHRwOlwvXC9lbGphcmRpbmVyby5jb20ubXhcL3Byb3llY3Rvc1wvcHJlbWl1bS1vdXRsZXRzXC9cIj48ZGl2IGNsYXNzPVwiZ2FsbGVyeS1pdGVtLXRodW1ibmFpbC13cmFwXCI+PGltZyBzcmM9XCJodHRwOlwvXC9lbGphcmRpbmVyby5jb20ubXhcL3dwLWNvbnRlbnRcL3VwbG9hZHNcLzIwMjFcLzA4XC9wcmVtaXVtLW91dGxldHMxLTIuanBnXCIgZGF0YS1sYXp5LXNyYz1cImh0dHA6XC9cL2VsamFyZGluZXJvLmNvbS5teFwvd3AtY29udGVudFwvdXBsb2Fkc1wvMjAyMVwvMDhcL3ByZW1pdW0tb3V0bGV0czEtMi5qcGdcIiBhbHQ9XCJQcmVtaXVtIG91dGxldHNcIiBjbGFzcz1cImdhbGxlcnktaXRlbS10aHVtYm5haWxcIj48XC9kaXY+PGRpdiBjbGFzcz1cImdhbGxlcnktaXRlbS1jYXB0aW9uLXdyYXAgY2FwdGlvbi1zdHlsZS1ob3ZlcmVyIGVhZWwtZmFkZS1pblwiPjxkaXYgY2xhc3M9XCJnYWxsZXJ5LWl0ZW0taG92ZXJlci1iZ1wiPjxcL2Rpdj48ZGl2IGNsYXNzPVwiZ2FsbGVyeS1pdGVtLWNhcHRpb24tb3ZlclwiPjxoMiBjbGFzcz1cImZnLWl0ZW0tdGl0bGVcIj5QcmVtaXVtIG91dGxldHM8XC9oMj48ZGl2IGNsYXNzPVwiZmctaXRlbS1jb250ZW50XCI+PHA+UXVlclx1MDBlOXRhcm88XC9wPlxuPFwvZGl2PjxcL2Rpdj48XC9kaXY+PFwvYT48XC9kaXY+PFwvZGl2PiIsIjxkaXYgY2xhc3M9XCJlYWVsLWZpbHRlcmFibGUtZ2FsbGVyeS1pdGVtLXdyYXBcIj5cblx0XHRcdFx0PGRpdiBjbGFzcz1cImVhZWwtZ2FsbGVyeS1ncmlkLWl0ZW1cIj48YSBocmVmPVwiaHR0cDpcL1wvZWxqYXJkaW5lcm8uY29tLm14XC9wcm95ZWN0b3NcL3BsYXphLXBhcnF1ZS1zYXRlbGl0ZVwvaHR0cDpcL1wvZWxqYXJkaW5lcm8uY29tLm14XC9wcm95ZWN0b3NcL3BsYXphLXBhcnF1ZS1zYXRlbGl0ZVwvXCI+PGRpdiBjbGFzcz1cImdhbGxlcnktaXRlbS10aHVtYm5haWwtd3JhcFwiPjxpbWcgc3JjPVwiaHR0cDpcL1wvZWxqYXJkaW5lcm8uY29tLm14XC93cC1jb250ZW50XC91cGxvYWRzXC8yMDIxXC8wOFwvcGxhemEtc2F0ZWxpdGUxLmpwZ1wiIGRhdGEtbGF6eS1zcmM9XCJodHRwOlwvXC9lbGphcmRpbmVyby5jb20ubXhcL3dwLWNvbnRlbnRcL3VwbG9hZHNcLzIwMjFcLzA4XC9wbGF6YS1zYXRlbGl0ZTEuanBnXCIgYWx0PVwiUGFycXVlIFBsYXphIFNhdFx1MDBlOWxpdGVcIiBjbGFzcz1cImdhbGxlcnktaXRlbS10aHVtYm5haWxcIj48XC9kaXY+PGRpdiBjbGFzcz1cImdhbGxlcnktaXRlbS1jYXB0aW9uLXdyYXAgY2FwdGlvbi1zdHlsZS1ob3ZlcmVyIGVhZWwtZmFkZS1pblwiPjxkaXYgY2xhc3M9XCJnYWxsZXJ5LWl0ZW0taG92ZXJlci1iZ1wiPjxcL2Rpdj48ZGl2IGNsYXNzPVwiZ2FsbGVyeS1pdGVtLWNhcHRpb24tb3ZlclwiPjxoMiBjbGFzcz1cImZnLWl0ZW0tdGl0bGVcIj5QYXJxdWUgUGxhemEgU2F0XHUwMGU5bGl0ZTxcL2gyPjxkaXYgY2xhc3M9XCJmZy1pdGVtLWNvbnRlbnRcIj48cD5DRE1YPFwvcD5cbjxcL2Rpdj48XC9kaXY+PFwvZGl2PjxcL2E+PFwvZGl2PjxcL2Rpdj4iLCI8ZGl2IGNsYXNzPVwiZWFlbC1maWx0ZXJhYmxlLWdhbGxlcnktaXRlbS13cmFwXCI+XG5cdFx0XHRcdDxkaXYgY2xhc3M9XCJlYWVsLWdhbGxlcnktZ3JpZC1pdGVtXCI+PGEgaHJlZj1cImh0dHA6XC9cL2VsamFyZGluZXJvLmNvbS5teFwvcHJveWVjdG9zXC9wYXNlby1ha2lhXC9odHRwOlwvXC9lbGphcmRpbmVyby5jb20ubXhcL3Byb3llY3Rvc1wvcGFzZW8tYWtpYVwvXCI+PGRpdiBjbGFzcz1cImdhbGxlcnktaXRlbS10aHVtYm5haWwtd3JhcFwiPjxpbWcgc3JjPVwiaHR0cDpcL1wvZWxqYXJkaW5lcm8uY29tLm14XC93cC1jb250ZW50XC91cGxvYWRzXC8yMDIxXC8wOFwvcGFzZW8tYWtpYTEuanBnXCIgZGF0YS1sYXp5LXNyYz1cImh0dHA6XC9cL2VsamFyZGluZXJvLmNvbS5teFwvd3AtY29udGVudFwvdXBsb2Fkc1wvMjAyMVwvMDhcL3Bhc2VvLWFraWExLmpwZ1wiIGFsdD1cIlBhc2VvIEFraWEgKEVuIGNvbnN0cnVjY2lcdTAwZjNuKVwiIGNsYXNzPVwiZ2FsbGVyeS1pdGVtLXRodW1ibmFpbFwiPjxcL2Rpdj48ZGl2IGNsYXNzPVwiZ2FsbGVyeS1pdGVtLWNhcHRpb24td3JhcCBjYXB0aW9uLXN0eWxlLWhvdmVyZXIgZWFlbC1mYWRlLWluXCI+PGRpdiBjbGFzcz1cImdhbGxlcnktaXRlbS1ob3ZlcmVyLWJnXCI+PFwvZGl2PjxkaXYgY2xhc3M9XCJnYWxsZXJ5LWl0ZW0tY2FwdGlvbi1vdmVyXCI+PGgyIGNsYXNzPVwiZmctaXRlbS10aXRsZVwiPlBhc2VvIEFraWEgKEVuIGNvbnN0cnVjY2lcdTAwZjNuKTxcL2gyPjxkaXYgY2xhc3M9XCJmZy1pdGVtLWNvbnRlbnRcIj48cD5NaWNob2FjXHUwMGUxbjxcL3A+XG48XC9kaXY+PFwvZGl2PjxcL2Rpdj48XC9hPjxcL2Rpdj48XC9kaXY+IiwiPGRpdiBjbGFzcz1cImVhZWwtZmlsdGVyYWJsZS1nYWxsZXJ5LWl0ZW0td3JhcFwiPlxuXHRcdFx0XHQ8ZGl2IGNsYXNzPVwiZWFlbC1nYWxsZXJ5LWdyaWQtaXRlbVwiPjxhIGhyZWY9XCJodHRwOlwvXC9lbGphcmRpbmVyby5jb20ubXhcL3Byb3llY3Rvc1wvdG9ycmUtbWl0aWthaFwvXCI+PGRpdiBjbGFzcz1cImdhbGxlcnktaXRlbS10aHVtYm5haWwtd3JhcFwiPjxpbWcgc3JjPVwiaHR0cDpcL1wvZWxqYXJkaW5lcm8uY29tLm14XC93cC1jb250ZW50XC91cGxvYWRzXC8yMDIxXC8wOFwvdG9ycmUtbWl0aWthaDMtMS5qcGdcIiBkYXRhLWxhenktc3JjPVwiaHR0cDpcL1wvZWxqYXJkaW5lcm8uY29tLm14XC93cC1jb250ZW50XC91cGxvYWRzXC8yMDIxXC8wOFwvdG9ycmUtbWl0aWthaDMtMS5qcGdcIiBhbHQ9XCJUb3JyZSBNXHUwMGVkdGlrYWggKEVuIGNvbnN0cnVjY2lcdTAwZjNuKVwiIGNsYXNzPVwiZ2FsbGVyeS1pdGVtLXRodW1ibmFpbFwiPjxcL2Rpdj48ZGl2IGNsYXNzPVwiZ2FsbGVyeS1pdGVtLWNhcHRpb24td3JhcCBjYXB0aW9uLXN0eWxlLWhvdmVyZXIgZWFlbC1mYWRlLWluXCI+PGRpdiBjbGFzcz1cImdhbGxlcnktaXRlbS1ob3ZlcmVyLWJnXCI+PFwvZGl2PjxkaXYgY2xhc3M9XCJnYWxsZXJ5LWl0ZW0tY2FwdGlvbi1vdmVyXCI+PGgyIGNsYXNzPVwiZmctaXRlbS10aXRsZVwiPlRvcnJlIE1cdTAwZWR0aWthaCAoRW4gY29uc3RydWNjaVx1MDBmM24pPFwvaDI+PGRpdiBjbGFzcz1cImZnLWl0ZW0tY29udGVudFwiPjxwPkNETVg8XC9wPlxuPFwvZGl2PjxcL2Rpdj48XC9kaXY+PFwvYT48XC9kaXY+PFwvZGl2PiIsIjxkaXYgY2xhc3M9XCJlYWVsLWZpbHRlcmFibGUtZ2FsbGVyeS1pdGVtLXdyYXBcIj5cblx0XHRcdFx0PGRpdiBjbGFzcz1cImVhZWwtZ2FsbGVyeS1ncmlkLWl0ZW1cIj48YSBocmVmPVwiaHR0cDpcL1wvZWxqYXJkaW5lcm8uY29tLm14XC9wcm95ZWN0b3NcL3ZhbGxlLXNhbi1uaWNvbGFzXC9cIj48ZGl2IGNsYXNzPVwiZ2FsbGVyeS1pdGVtLXRodW1ibmFpbC13cmFwXCI+PGltZyBzcmM9XCJodHRwOlwvXC9lbGphcmRpbmVyby5jb20ubXhcL3dwLWNvbnRlbnRcL3VwbG9hZHNcLzIwMjFcLzA4XC92YWxsZS1zYW4tbmljb2xhczEuanBnXCIgZGF0YS1sYXp5LXNyYz1cImh0dHA6XC9cL2VsamFyZGluZXJvLmNvbS5teFwvd3AtY29udGVudFwvdXBsb2Fkc1wvMjAyMVwvMDhcL3ZhbGxlLXNhbi1uaWNvbGFzMS5qcGdcIiBhbHQ9XCJWYWxsZSBTYW4gTlx1MDBlZGNvbGFzXCIgY2xhc3M9XCJnYWxsZXJ5LWl0ZW0tdGh1bWJuYWlsXCI+PFwvZGl2PjxkaXYgY2xhc3M9XCJnYWxsZXJ5LWl0ZW0tY2FwdGlvbi13cmFwIGNhcHRpb24tc3R5bGUtaG92ZXJlciBlYWVsLWZhZGUtaW5cIj48ZGl2IGNsYXNzPVwiZ2FsbGVyeS1pdGVtLWhvdmVyZXItYmdcIj48XC9kaXY+PGRpdiBjbGFzcz1cImdhbGxlcnktaXRlbS1jYXB0aW9uLW92ZXJcIj48aDIgY2xhc3M9XCJmZy1pdGVtLXRpdGxlXCI+VmFsbGUgU2FuIE5cdTAwZWRjb2xhczxcL2gyPjxkaXYgY2xhc3M9XCJmZy1pdGVtLWNvbnRlbnRcIj48cD5FZG8uIGRlIE1cdTAwZTl4aWNvPFwvcD5cbjxcL2Rpdj48XC9kaXY+PFwvZGl2PjxcL2E+PFwvZGl2PjxcL2Rpdj4iLCI8ZGl2IGNsYXNzPVwiZWFlbC1maWx0ZXJhYmxlLWdhbGxlcnktaXRlbS13cmFwXCI+XG5cdFx0XHRcdDxkaXYgY2xhc3M9XCJlYWVsLWdhbGxlcnktZ3JpZC1pdGVtXCI+PGEgaHJlZj1cImh0dHA6XC9cL2VsamFyZGluZXJvLmNvbS5teFwvcHJveWVjdG9zXC9tYWNvbmRvLXR1bHVtXC9cIj48ZGl2IGNsYXNzPVwiZ2FsbGVyeS1pdGVtLXRodW1ibmFpbC13cmFwXCI+PGltZyBzcmM9XCJodHRwOlwvXC9lbGphcmRpbmVyby5jb20ubXhcL3dwLWNvbnRlbnRcL3VwbG9hZHNcLzIwMjFcLzA4XC9tYWNvbmRvLXR1bHVtMS5qcGdcIiBkYXRhLWxhenktc3JjPVwiaHR0cDpcL1wvZWxqYXJkaW5lcm8uY29tLm14XC93cC1jb250ZW50XC91cGxvYWRzXC8yMDIxXC8wOFwvbWFjb25kby10dWx1bTEuanBnXCIgYWx0PVwiTWFjb25kbyBUdWxcdTAwZmFtXCIgY2xhc3M9XCJnYWxsZXJ5LWl0ZW0tdGh1bWJuYWlsXCI+PFwvZGl2PjxkaXYgY2xhc3M9XCJnYWxsZXJ5LWl0ZW0tY2FwdGlvbi13cmFwIGNhcHRpb24tc3R5bGUtaG92ZXJlciBlYWVsLWZhZGUtaW5cIj48ZGl2IGNsYXNzPVwiZ2FsbGVyeS1pdGVtLWhvdmVyZXItYmdcIj48XC9kaXY+PGRpdiBjbGFzcz1cImdhbGxlcnktaXRlbS1jYXB0aW9uLW92ZXJcIj48aDIgY2xhc3M9XCJmZy1pdGVtLXRpdGxlXCI+TWFjb25kbyBUdWxcdTAwZmFtPFwvaDI+PGRpdiBjbGFzcz1cImZnLWl0ZW0tY29udGVudFwiPjxwPlF1aW50YW5hIFJvbzxcL3A+XG48XC9kaXY+PFwvZGl2PjxcL2Rpdj48XC9hPjxcL2Rpdj48XC9kaXY+IiwiPGRpdiBjbGFzcz1cImVhZWwtZmlsdGVyYWJsZS1nYWxsZXJ5LWl0ZW0td3JhcFwiPlxuXHRcdFx0XHQ8ZGl2IGNsYXNzPVwiZWFlbC1nYWxsZXJ5LWdyaWQtaXRlbVwiPjxhIGhyZWY9XCJodHRwOlwvXC9lbGphcmRpbmVyby5jb20ubXhcL3Byb3llY3Rvc1wvcGxhemEtc2F0ZWxpdGVcL1wiPjxkaXYgY2xhc3M9XCJnYWxsZXJ5LWl0ZW0tdGh1bWJuYWlsLXdyYXBcIj48aW1nIHNyYz1cImh0dHA6XC9cL2VsamFyZGluZXJvLmNvbS5teFwvd3AtY29udGVudFwvdXBsb2Fkc1wvMjAyMVwvMDhcL3BsYXphc2F0ZWxpdGUwLTAxLmpwZ1wiIGRhdGEtbGF6eS1zcmM9XCJodHRwOlwvXC9lbGphcmRpbmVyby5jb20ubXhcL3dwLWNvbnRlbnRcL3VwbG9hZHNcLzIwMjFcLzA4XC9wbGF6YXNhdGVsaXRlMC0wMS5qcGdcIiBhbHQ9XCJQbGF6YSBTYXRcdTAwZTlsaXRlXCIgY2xhc3M9XCJnYWxsZXJ5LWl0ZW0tdGh1bWJuYWlsXCI+PFwvZGl2PjxkaXYgY2xhc3M9XCJnYWxsZXJ5LWl0ZW0tY2FwdGlvbi13cmFwIGNhcHRpb24tc3R5bGUtaG92ZXJlciBlYWVsLWZhZGUtaW5cIj48ZGl2IGNsYXNzPVwiZ2FsbGVyeS1pdGVtLWhvdmVyZXItYmdcIj48XC9kaXY+PGRpdiBjbGFzcz1cImdhbGxlcnktaXRlbS1jYXB0aW9uLW92ZXJcIj48aDIgY2xhc3M9XCJmZy1pdGVtLXRpdGxlXCI+UGxhemEgU2F0XHUwMGU5bGl0ZTxcL2gyPjxkaXYgY2xhc3M9XCJmZy1pdGVtLWNvbnRlbnRcIj48cD5DRE1YPFwvcD5cbjxcL2Rpdj48XC9kaXY+PFwvZGl2PjxcL2E+PFwvZGl2PjxcL2Rpdj4iXQ==\" data-init-show=\"100\">\n                <div class=\"eael-filterable-gallery-item-wrap\">\n\t\t\t\t<div class=\"eael-gallery-grid-item\"><a href=\"http:\/\/eljardinero.com.mx\/en\/proyectos\/andamar\/\"><div class=\"gallery-item-thumbnail-wrap\"><img decoding=\"async\" src=\"http:\/\/eljardinero.com.mx\/wp-content\/uploads\/2021\/08\/andamar1.jpg\" data-lazy-src=\"http:\/\/eljardinero.com.mx\/wp-content\/uploads\/2021\/08\/andamar1.jpg\" alt=\"Andamar\" class=\"gallery-item-thumbnail\"><\/div><div class=\"gallery-item-caption-wrap caption-style-hoverer eael-fade-in\"><div class=\"gallery-item-hoverer-bg\"><\/div><div class=\"gallery-item-caption-over\"><h2 class=\"fg-item-title\">Andamar<\/h2><div class=\"fg-item-content\"><p>Boca del rio<\/p>\n<\/div><\/div><\/div><\/a><\/div><\/div><div class=\"eael-filterable-gallery-item-wrap\">\n\t\t\t\t<div class=\"eael-gallery-grid-item\"><a href=\"http:\/\/eljardinero.com.mx\/en\/proyectos\/corporativo-antara-polanco\/\"><div class=\"gallery-item-thumbnail-wrap\"><img decoding=\"async\" src=\"http:\/\/eljardinero.com.mx\/wp-content\/uploads\/2021\/08\/antara1.jpg\" data-lazy-src=\"http:\/\/eljardinero.com.mx\/wp-content\/uploads\/2021\/08\/antara1.jpg\" alt=\"Corporativo Antara Polanco\" class=\"gallery-item-thumbnail\"><\/div><div class=\"gallery-item-caption-wrap caption-style-hoverer eael-fade-in\"><div class=\"gallery-item-hoverer-bg\"><\/div><div class=\"gallery-item-caption-over\"><h2 class=\"fg-item-title\">Corporativo Antara Polanco<\/h2><div class=\"fg-item-content\"><p>CDMX<\/p>\n<\/div><\/div><\/div><\/a><\/div><\/div><div class=\"eael-filterable-gallery-item-wrap\">\n\t\t\t\t<div class=\"eael-gallery-grid-item\"><a href=\"http:\/\/eljardinero.com.mx\/en\/proyectos\/artz-pedregal\/\"><div class=\"gallery-item-thumbnail-wrap\"><img decoding=\"async\" src=\"http:\/\/eljardinero.com.mx\/wp-content\/uploads\/2021\/08\/artz1-1.jpg\" data-lazy-src=\"http:\/\/eljardinero.com.mx\/wp-content\/uploads\/2021\/08\/artz1-1.jpg\" alt=\"ARTZ Pedregal\" class=\"gallery-item-thumbnail\"><\/div><div class=\"gallery-item-caption-wrap caption-style-hoverer eael-fade-in\"><div class=\"gallery-item-hoverer-bg\"><\/div><div class=\"gallery-item-caption-over\"><h2 class=\"fg-item-title\">ARTZ Pedregal<\/h2><div class=\"fg-item-content\"><p>CDMX<\/p>\n<\/div><\/div><\/div><\/a><\/div><\/div><div class=\"eael-filterable-gallery-item-wrap\">\n\t\t\t\t<div class=\"eael-gallery-grid-item\"><a href=\"http:\/\/eljardinero.com.mx\/en\/proyectos\/premium-outlets\/\"><div class=\"gallery-item-thumbnail-wrap\"><img decoding=\"async\" src=\"http:\/\/eljardinero.com.mx\/wp-content\/uploads\/2021\/08\/premium-outlets1-2.jpg\" data-lazy-src=\"http:\/\/eljardinero.com.mx\/wp-content\/uploads\/2021\/08\/premium-outlets1-2.jpg\" alt=\"Premium outlets\" class=\"gallery-item-thumbnail\"><\/div><div class=\"gallery-item-caption-wrap caption-style-hoverer eael-fade-in\"><div class=\"gallery-item-hoverer-bg\"><\/div><div class=\"gallery-item-caption-over\"><h2 class=\"fg-item-title\">Premium outlets<\/h2><div class=\"fg-item-content\"><p>Quer\u00e9taro<\/p>\n<\/div><\/div><\/div><\/a><\/div><\/div><div class=\"eael-filterable-gallery-item-wrap\">\n\t\t\t\t<div class=\"eael-gallery-grid-item\"><a href=\"http:\/\/eljardinero.com.mx\/en\/proyectos\/plaza-parque-satelite\/http:\/\/eljardinero.com.mx\/proyectos\/plaza-parque-satelite\/\"><div class=\"gallery-item-thumbnail-wrap\"><img decoding=\"async\" src=\"http:\/\/eljardinero.com.mx\/wp-content\/uploads\/2021\/08\/plaza-satelite1.jpg\" data-lazy-src=\"http:\/\/eljardinero.com.mx\/wp-content\/uploads\/2021\/08\/plaza-satelite1.jpg\" alt=\"Parque Plaza Sat\u00e9lite\" class=\"gallery-item-thumbnail\"><\/div><div class=\"gallery-item-caption-wrap caption-style-hoverer eael-fade-in\"><div class=\"gallery-item-hoverer-bg\"><\/div><div class=\"gallery-item-caption-over\"><h2 class=\"fg-item-title\">Plaza Sat\u00e9lite Park<\/h2><div class=\"fg-item-content\"><p>CDMX<\/p>\n<\/div><\/div><\/div><\/a><\/div><\/div><div class=\"eael-filterable-gallery-item-wrap\">\n\t\t\t\t<div class=\"eael-gallery-grid-item\"><a href=\"http:\/\/eljardinero.com.mx\/en\/proyectos\/paseo-akia\/http:\/\/eljardinero.com.mx\/proyectos\/paseo-akia\/\"><div class=\"gallery-item-thumbnail-wrap\"><img decoding=\"async\" src=\"http:\/\/eljardinero.com.mx\/wp-content\/uploads\/2021\/08\/paseo-akia1.jpg\" data-lazy-src=\"http:\/\/eljardinero.com.mx\/wp-content\/uploads\/2021\/08\/paseo-akia1.jpg\" alt=\"Paseo Akia (En construcci\u00f3n)\" class=\"gallery-item-thumbnail\"><\/div><div class=\"gallery-item-caption-wrap caption-style-hoverer eael-fade-in\"><div class=\"gallery-item-hoverer-bg\"><\/div><div class=\"gallery-item-caption-over\"><h2 class=\"fg-item-title\">Paseo Akia (under construction)<\/h2><div class=\"fg-item-content\"><p>Michoac\u00e1n<\/p>\n<\/div><\/div><\/div><\/a><\/div><\/div><div class=\"eael-filterable-gallery-item-wrap\">\n\t\t\t\t<div class=\"eael-gallery-grid-item\"><a href=\"http:\/\/eljardinero.com.mx\/en\/proyectos\/torre-mitikah\/\"><div class=\"gallery-item-thumbnail-wrap\"><img decoding=\"async\" src=\"http:\/\/eljardinero.com.mx\/wp-content\/uploads\/2021\/08\/torre-mitikah3-1.jpg\" data-lazy-src=\"http:\/\/eljardinero.com.mx\/wp-content\/uploads\/2021\/08\/torre-mitikah3-1.jpg\" alt=\"Torre M\u00edtikah (En construcci\u00f3n)\" class=\"gallery-item-thumbnail\"><\/div><div class=\"gallery-item-caption-wrap caption-style-hoverer eael-fade-in\"><div class=\"gallery-item-hoverer-bg\"><\/div><div class=\"gallery-item-caption-over\"><h2 class=\"fg-item-title\">Torre M\u00edtikah (Under Construction)<\/h2><div class=\"fg-item-content\"><p>CDMX<\/p>\n<\/div><\/div><\/div><\/a><\/div><\/div><div class=\"eael-filterable-gallery-item-wrap\">\n\t\t\t\t<div class=\"eael-gallery-grid-item\"><a href=\"http:\/\/eljardinero.com.mx\/en\/proyectos\/valle-san-nicolas\/\"><div class=\"gallery-item-thumbnail-wrap\"><img decoding=\"async\" src=\"http:\/\/eljardinero.com.mx\/wp-content\/uploads\/2021\/08\/valle-san-nicolas1.jpg\" data-lazy-src=\"http:\/\/eljardinero.com.mx\/wp-content\/uploads\/2021\/08\/valle-san-nicolas1.jpg\" alt=\"Valle San N\u00edcolas\" class=\"gallery-item-thumbnail\"><\/div><div class=\"gallery-item-caption-wrap caption-style-hoverer eael-fade-in\"><div class=\"gallery-item-hoverer-bg\"><\/div><div class=\"gallery-item-caption-over\"><h2 class=\"fg-item-title\">Valle San N\u00edcolas<\/h2><div class=\"fg-item-content\"><p>Edo. de M\u00e9xico<\/p>\n<\/div><\/div><\/div><\/a><\/div><\/div><div class=\"eael-filterable-gallery-item-wrap\">\n\t\t\t\t<div class=\"eael-gallery-grid-item\"><a href=\"http:\/\/eljardinero.com.mx\/en\/proyectos\/macondo-tulum\/\"><div class=\"gallery-item-thumbnail-wrap\"><img decoding=\"async\" src=\"http:\/\/eljardinero.com.mx\/wp-content\/uploads\/2021\/08\/macondo-tulum1.jpg\" data-lazy-src=\"http:\/\/eljardinero.com.mx\/wp-content\/uploads\/2021\/08\/macondo-tulum1.jpg\" alt=\"Macondo Tul\u00fam\" class=\"gallery-item-thumbnail\"><\/div><div class=\"gallery-item-caption-wrap caption-style-hoverer eael-fade-in\"><div class=\"gallery-item-hoverer-bg\"><\/div><div class=\"gallery-item-caption-over\"><h2 class=\"fg-item-title\">Macondo Tul\u00fam<\/h2><div class=\"fg-item-content\"><p>Quintana Roo<\/p>\n<\/div><\/div><\/div><\/a><\/div><\/div><div class=\"eael-filterable-gallery-item-wrap\">\n\t\t\t\t<div class=\"eael-gallery-grid-item\"><a href=\"http:\/\/eljardinero.com.mx\/en\/proyectos\/plaza-satelite\/\"><div class=\"gallery-item-thumbnail-wrap\"><img decoding=\"async\" src=\"http:\/\/eljardinero.com.mx\/wp-content\/uploads\/2021\/08\/plazasatelite0-01.jpg\" data-lazy-src=\"http:\/\/eljardinero.com.mx\/wp-content\/uploads\/2021\/08\/plazasatelite0-01.jpg\" alt=\"Plaza Sat\u00e9lite\" class=\"gallery-item-thumbnail\"><\/div><div class=\"gallery-item-caption-wrap caption-style-hoverer eael-fade-in\"><div class=\"gallery-item-hoverer-bg\"><\/div><div class=\"gallery-item-caption-over\"><h2 class=\"fg-item-title\">Plaza Sat\u00e9lite<\/h2><div class=\"fg-item-content\"><p>CDMX<\/p>\n<\/div><\/div><\/div><\/a><\/div><\/div>            <\/div>\n            \n                    <\/div>\n        \n        \t\t\t\t<\/div>\n\t\t\t\t<\/div>\n\t\t\t\t\t<\/div>\n\t\t<\/div>\n\t\t\t\t\t<\/div>\n\t\t<\/section>\n\t\t\t\t<\/div>","protected":false},"excerpt":{"rendered":"<p>Proyectos Con proyectos en toda la rep\u00fablica, nuestro trabajo habla por s\u00ed solo. Andamar Boca del rio Corporativo Antara Polanco CDMX ARTZ Pedregal CDMX Premium outlets Quer\u00e9taro Parque Plaza Sat\u00e9lite CDMX Paseo Akia (En construcci\u00f3n) Michoac\u00e1n Torre M\u00edtikah (En construcci\u00f3n) CDMX Valle San N\u00edcolas Edo. de M\u00e9xico Macondo Tul\u00fam Quintana Roo Plaza Sat\u00e9lite CDMX<\/p>","protected":false},"author":2,"featured_media":0,"parent":0,"menu_order":0,"comment_status":"closed","ping_status":"closed","template":"","meta":{"_acf_changed":false,"footnotes":""},"categories":[],"tags":[],"class_list":["post-275","page","type-page","status-publish","hentry"],"acf":[],"_links":{"self":[{"href":"http:\/\/eljardinero.com.mx\/en\/wp-json\/wp\/v2\/pages\/275"}],"collection":[{"href":"http:\/\/eljardinero.com.mx\/en\/wp-json\/wp\/v2\/pages"}],"about":[{"href":"http:\/\/eljardinero.com.mx\/en\/wp-json\/wp\/v2\/types\/page"}],"author":[{"embeddable":true,"href":"http:\/\/eljardinero.com.mx\/en\/wp-json\/wp\/v2\/users\/2"}],"replies":[{"embeddable":true,"href":"http:\/\/eljardinero.com.mx\/en\/wp-json\/wp\/v2\/comments?post=275"}],"version-history":[{"count":82,"href":"http:\/\/eljardinero.com.mx\/en\/wp-json\/wp\/v2\/pages\/275\/revisions"}],"predecessor-version":[{"id":984,"href":"http:\/\/eljardinero.com.mx\/en\/wp-json\/wp\/v2\/pages\/275\/revisions\/984"}],"wp:attachment":[{"href":"http:\/\/eljardinero.com.mx\/en\/wp-json\/wp\/v2\/media?parent=275"}],"wp:term":[{"taxonomy":"category","embeddable":true,"href":"http:\/\/eljardinero.com.mx\/en\/wp-json\/wp\/v2\/categories?post=275"},{"taxonomy":"post_tag","embeddable":true,"href":"http:\/\/eljardinero.com.mx\/en\/wp-json\/wp\/v2\/tags?post=275"}],"curies":[{"name":"wp","href":"https:\/\/api.w.org\/{rel}","templated":true}]}}